{"id":2236,"date":"2021-04-18T08:43:15","date_gmt":"2021-04-18T11:43:15","guid":{"rendered":"https:\/\/grupohtech.com.br\/?page_id=2236"},"modified":"2022-01-14T07:13:24","modified_gmt":"2022-01-14T10:13:24","slug":"produtos-servicos","status":"publish","type":"page","link":"https:\/\/grupohtech.com.br\/index.php\/produtos-servicos\/","title":{"rendered":"Produtos e Servi\u00e7os"},"content":{"rendered":"\t\t<div data-elementor-type=\"wp-page\" data-elementor-id=\"2236\" class=\"elementor elementor-2236\" data-elementor-settings=\"[]\">\n\t\t\t\t\t\t\t<div class=\"elementor-section-wrap\">\n\t\t\t\t\t\t\t<section class=\"elementor-section elementor-top-section elementor-element elementor-element-25b7d045 ct-section-stretched ct-columns-alignment-fix elementor-section-boxed elementor-section-height-default elementor-section-height-default exad-glass-effect-no exad-sticky-section-no\" data-id=\"25b7d045\" data-element_type=\"section\" data-settings=\"{&quot;background_background&quot;:&quot;classic&quot;}\">\n\t\t\t\t\t\t\t<div class=\"elementor-background-overlay\"><\/div>\n\t\t\t\t\t\t\t<div class=\"elementor-container elementor-column-gap-default\">\n\t\t\t\t\t<div class=\"elementor-column elementor-col-100 elementor-top-column elementor-element elementor-element-f09f708 exad-glass-effect-no exad-sticky-section-no\" data-id=\"f09f708\" data-element_type=\"column\">\n\t\t\t<div class=\"elementor-widget-wrap\">\n\t\t\t\t\t\t\t\t\t<\/div>\n\t\t<\/div>\n\t\t\t\t\t\t\t<\/div>\n\t\t<\/section>\n\t\t\t\t<section class=\"elementor-section elementor-top-section elementor-element elementor-element-715ab40f elementor-section-boxed elementor-section-height-default elementor-section-height-default exad-glass-effect-no exad-sticky-section-no\" data-id=\"715ab40f\" data-element_type=\"section\">\n\t\t\t\t\t\t<div class=\"elementor-container elementor-column-gap-no\">\n\t\t\t\t\t<div class=\"elementor-column elementor-col-100 elementor-top-column elementor-element elementor-element-43f5e26c exad-glass-effect-no exad-sticky-section-no\" data-id=\"43f5e26c\" data-element_type=\"column\">\n\t\t\t<div class=\"elementor-widget-wrap elementor-element-populated\">\n\t\t\t\t\t\t\t\t<div class=\"elementor-element elementor-element-3a3cb2db exad-sticky-section-no exad-glass-effect-no elementor-widget elementor-widget-spacer\" data-id=\"3a3cb2db\" data-element_type=\"widget\" data-widget_type=\"spacer.default\">\n\t\t\t\t<div class=\"elementor-widget-container\">\n\t\t\t\t\t<div class=\"elementor-spacer\">\n\t\t\t<div class=\"elementor-spacer-inner\"><\/div>\n\t\t<\/div>\n\t\t\t\t<\/div>\n\t\t\t\t<\/div>\n\t\t\t\t\t<\/div>\n\t\t<\/div>\n\t\t\t\t\t\t\t<\/div>\n\t\t<\/section>\n\t\t\t\t<section class=\"elementor-section elementor-top-section elementor-element elementor-element-20c4908 elementor-section-boxed elementor-section-height-default elementor-section-height-default exad-glass-effect-no exad-sticky-section-no\" data-id=\"20c4908\" data-element_type=\"section\">\n\t\t\t\t\t\t<div class=\"elementor-container elementor-column-gap-default\">\n\t\t\t\t\t<div class=\"elementor-column elementor-col-100 elementor-top-column elementor-element elementor-element-0eac284 exad-glass-effect-no exad-sticky-section-no\" data-id=\"0eac284\" data-element_type=\"column\">\n\t\t\t<div class=\"elementor-widget-wrap elementor-element-populated\">\n\t\t\t\t\t\t\t\t<div class=\"elementor-element elementor-element-b0b2f89 exad-sticky-section-no exad-glass-effect-no elementor-widget elementor-widget-heading\" data-id=\"b0b2f89\" data-element_type=\"widget\" data-widget_type=\"heading.default\">\n\t\t\t\t<div class=\"elementor-widget-container\">\n\t\t\t<h2 class=\"elementor-heading-title elementor-size-default\">Produtos e Servi\u00e7os<\/h2>\t\t<\/div>\n\t\t\t\t<\/div>\n\t\t\t\t\t<\/div>\n\t\t<\/div>\n\t\t\t\t\t\t\t<\/div>\n\t\t<\/section>\n\t\t\t\t<section class=\"elementor-section elementor-top-section elementor-element elementor-element-288a24f ct-columns-alignment-fix elementor-section-boxed elementor-section-height-default elementor-section-height-default exad-glass-effect-no exad-sticky-section-no\" data-id=\"288a24f\" data-element_type=\"section\">\n\t\t\t\t\t\t<div class=\"elementor-container elementor-column-gap-wider\">\n\t\t\t\t\t<div class=\"elementor-column elementor-col-50 elementor-top-column elementor-element elementor-element-9c3e5fc exad-glass-effect-no exad-sticky-section-no\" data-id=\"9c3e5fc\" data-element_type=\"column\">\n\t\t\t<div class=\"elementor-widget-wrap elementor-element-populated\">\n\t\t\t\t\t\t\t\t<section class=\"elementor-section elementor-inner-section elementor-element elementor-element-ca64b45 ct-columns-alignment-fix elementor-section-boxed elementor-section-height-default elementor-section-height-default exad-glass-effect-no exad-sticky-section-no\" data-id=\"ca64b45\" data-element_type=\"section\">\n\t\t\t\t\t\t<div class=\"elementor-container elementor-column-gap-default\">\n\t\t\t\t\t<div class=\"elementor-column elementor-col-100 elementor-inner-column elementor-element elementor-element-71cee9c exad-glass-effect-no exad-sticky-section-no\" data-id=\"71cee9c\" data-element_type=\"column\">\n\t\t\t<div class=\"elementor-widget-wrap elementor-element-populated\">\n\t\t\t\t\t\t\t\t<div class=\"elementor-element elementor-element-338dcd1 exad-sticky-section-no exad-glass-effect-no elementor-widget elementor-widget-image\" data-id=\"338dcd1\" data-element_type=\"widget\" data-widget_type=\"image.default\">\n\t\t\t\t<div class=\"elementor-widget-container\">\n\t\t\t\t\t\t\t\t\t\t\t\t\t\t\t<img width=\"300\" height=\"127\" src=\"https:\/\/grupohtech.com.br\/wp-content\/uploads\/2021\/03\/logo-htech-solucoes-branca-300x127.png\" class=\"attachment-medium size-medium\" alt=\"\" loading=\"lazy\" srcset=\"https:\/\/grupohtech.com.br\/wp-content\/uploads\/2021\/03\/logo-htech-solucoes-branca-300x127.png 300w, https:\/\/grupohtech.com.br\/wp-content\/uploads\/2021\/03\/logo-htech-solucoes-branca-1024x432.png 1024w, https:\/\/grupohtech.com.br\/wp-content\/uploads\/2021\/03\/logo-htech-solucoes-branca-768x324.png 768w, https:\/\/grupohtech.com.br\/wp-content\/uploads\/2021\/03\/logo-htech-solucoes-branca-1536x649.png 1536w, https:\/\/grupohtech.com.br\/wp-content\/uploads\/2021\/03\/logo-htech-solucoes-branca-1320x557.png 1320w, https:\/\/grupohtech.com.br\/wp-content\/uploads\/2021\/03\/logo-htech-solucoes-branca.png 1961w\" sizes=\"(max-width: 300px) 100vw, 300px\" \/>\t\t\t\t\t\t\t\t\t\t\t\t\t\t\t<\/div>\n\t\t\t\t<\/div>\n\t\t\t\t<div class=\"elementor-element elementor-element-b55769e exad-sticky-section-no exad-glass-effect-no elementor-widget elementor-widget-text-editor\" data-id=\"b55769e\" data-element_type=\"widget\" data-widget_type=\"text-editor.default\">\n\t\t\t\t<div class=\"elementor-widget-container\">\n\t\t\t\t\t\t\t\t<div style=\"text-align:justify;\">Segmento focado em consultorias, solu\u00e7\u00f5es de problemas e realiza\u00e7\u00e3o de sonhos a partir da divis\u00e3o de Manuten\u00e7\u00e3o e Engenharia El\u00e9trica. <\/div>\t\t\t\t\t\t<\/div>\n\t\t\t\t<\/div>\n\t\t\t\t\t<\/div>\n\t\t<\/div>\n\t\t\t\t\t\t\t<\/div>\n\t\t<\/section>\n\t\t\t\t<section class=\"elementor-section elementor-inner-section elementor-element elementor-element-a462044 ct-columns-alignment-fix elementor-section-boxed elementor-section-height-default elementor-section-height-default exad-glass-effect-no exad-sticky-section-no\" data-id=\"a462044\" data-element_type=\"section\">\n\t\t\t\t\t\t<div class=\"elementor-container elementor-column-gap-default\">\n\t\t\t\t\t<div class=\"elementor-column elementor-col-100 elementor-inner-column elementor-element elementor-element-305aac4 exad-glass-effect-no exad-sticky-section-no\" data-id=\"305aac4\" data-element_type=\"column\">\n\t\t\t<div class=\"elementor-widget-wrap elementor-element-populated\">\n\t\t\t\t\t\t\t\t<div class=\"elementor-element elementor-element-f24158c exad-sticky-section-no exad-glass-effect-no elementor-widget elementor-widget-image\" data-id=\"f24158c\" data-element_type=\"widget\" data-widget_type=\"image.default\">\n\t\t\t\t<div class=\"elementor-widget-container\">\n\t\t\t\t\t\t\t\t\t\t\t\t\t\t\t<img width=\"300\" height=\"125\" src=\"https:\/\/grupohtech.com.br\/wp-content\/uploads\/2021\/03\/logo-htech-treinamentos-branca-300x125.png\" class=\"attachment-medium size-medium\" alt=\"\" loading=\"lazy\" srcset=\"https:\/\/grupohtech.com.br\/wp-content\/uploads\/2021\/03\/logo-htech-treinamentos-branca-300x125.png 300w, https:\/\/grupohtech.com.br\/wp-content\/uploads\/2021\/03\/logo-htech-treinamentos-branca-1024x427.png 1024w, https:\/\/grupohtech.com.br\/wp-content\/uploads\/2021\/03\/logo-htech-treinamentos-branca-768x320.png 768w, https:\/\/grupohtech.com.br\/wp-content\/uploads\/2021\/03\/logo-htech-treinamentos-branca-1536x641.png 1536w, https:\/\/grupohtech.com.br\/wp-content\/uploads\/2021\/03\/logo-htech-treinamentos-branca-1320x551.png 1320w, https:\/\/grupohtech.com.br\/wp-content\/uploads\/2021\/03\/logo-htech-treinamentos-branca.png 1985w\" sizes=\"(max-width: 300px) 100vw, 300px\" \/>\t\t\t\t\t\t\t\t\t\t\t\t\t\t\t<\/div>\n\t\t\t\t<\/div>\n\t\t\t\t<div class=\"elementor-element elementor-element-bf2962f exad-sticky-section-no exad-glass-effect-no elementor-widget elementor-widget-text-editor\" data-id=\"bf2962f\" data-element_type=\"widget\" data-widget_type=\"text-editor.default\">\n\t\t\t\t<div class=\"elementor-widget-container\">\n\t\t\t\t\t\t\t\t<div style=\"text-align: justify;\">Que visa a multiplica\u00e7\u00e3o do conhecimento atrav\u00e9s de treinamentos, capacita\u00e7\u00f5es e reciclagens voltadas para o setor el\u00e9trico.<\/div>\t\t\t\t\t\t<\/div>\n\t\t\t\t<\/div>\n\t\t\t\t\t<\/div>\n\t\t<\/div>\n\t\t\t\t\t\t\t<\/div>\n\t\t<\/section>\n\t\t\t\t<section class=\"elementor-section elementor-inner-section elementor-element elementor-element-5121163 ct-columns-alignment-fix elementor-section-boxed elementor-section-height-default elementor-section-height-default exad-glass-effect-no exad-sticky-section-no\" data-id=\"5121163\" data-element_type=\"section\">\n\t\t\t\t\t\t<div class=\"elementor-container elementor-column-gap-default\">\n\t\t\t\t\t<div class=\"elementor-column elementor-col-100 elementor-inner-column elementor-element elementor-element-db7d686 exad-glass-effect-no exad-sticky-section-no\" data-id=\"db7d686\" data-element_type=\"column\">\n\t\t\t<div class=\"elementor-widget-wrap elementor-element-populated\">\n\t\t\t\t\t\t\t\t<div class=\"elementor-element elementor-element-682225c exad-sticky-section-no exad-glass-effect-no elementor-widget elementor-widget-image\" data-id=\"682225c\" data-element_type=\"widget\" data-widget_type=\"image.default\">\n\t\t\t\t<div class=\"elementor-widget-container\">\n\t\t\t\t\t\t\t\t\t\t\t\t\t\t\t<img width=\"300\" height=\"125\" src=\"https:\/\/grupohtech.com.br\/wp-content\/uploads\/2022\/01\/logo-htech-materiaiseletricos1-300x125.png\" class=\"attachment-medium size-medium\" alt=\"\" loading=\"lazy\" srcset=\"https:\/\/grupohtech.com.br\/wp-content\/uploads\/2022\/01\/logo-htech-materiaiseletricos1-300x125.png 300w, https:\/\/grupohtech.com.br\/wp-content\/uploads\/2022\/01\/logo-htech-materiaiseletricos1-1024x427.png 1024w, https:\/\/grupohtech.com.br\/wp-content\/uploads\/2022\/01\/logo-htech-materiaiseletricos1-768x320.png 768w, https:\/\/grupohtech.com.br\/wp-content\/uploads\/2022\/01\/logo-htech-materiaiseletricos1-1536x641.png 1536w, https:\/\/grupohtech.com.br\/wp-content\/uploads\/2022\/01\/logo-htech-materiaiseletricos1-1320x551.png 1320w, https:\/\/grupohtech.com.br\/wp-content\/uploads\/2022\/01\/logo-htech-materiaiseletricos1.png 1985w\" sizes=\"(max-width: 300px) 100vw, 300px\" \/>\t\t\t\t\t\t\t\t\t\t\t\t\t\t\t<\/div>\n\t\t\t\t<\/div>\n\t\t\t\t<div class=\"elementor-element elementor-element-0b5e637 exad-sticky-section-no exad-glass-effect-no elementor-widget elementor-widget-text-editor\" data-id=\"0b5e637\" data-element_type=\"widget\" data-widget_type=\"text-editor.default\">\n\t\t\t\t<div class=\"elementor-widget-container\">\n\t\t\t\t\t\t\t\t<div style=\"text-align:justify;\">Uma loja especializada em materiais, ferramentas e equipamentos el\u00e9tricos. <\/div>\t\t\t\t\t\t<\/div>\n\t\t\t\t<\/div>\n\t\t\t\t\t<\/div>\n\t\t<\/div>\n\t\t\t\t\t\t\t<\/div>\n\t\t<\/section>\n\t\t\t\t\t<\/div>\n\t\t<\/div>\n\t\t\t\t<div class=\"elementor-column elementor-col-50 elementor-top-column elementor-element elementor-element-589232f exad-glass-effect-no exad-sticky-section-no\" data-id=\"589232f\" data-element_type=\"column\">\n\t\t\t<div class=\"elementor-widget-wrap elementor-element-populated\">\n\t\t\t\t\t\t\t\t<div class=\"elementor-element elementor-element-9ab74a2 exad-sticky-section-no exad-glass-effect-no elementor-widget elementor-widget-text-editor\" data-id=\"9ab74a2\" data-element_type=\"widget\" data-widget_type=\"text-editor.default\">\n\t\t\t\t<div class=\"elementor-widget-container\">\n\t\t\t\t\t\t\t\t<div style=\"text-align: justify;\"><p><strong style=\"font-size: inherit; text-align: inherit; background-color: var(--background-color); color: var(--color); font-family: var(--fontFamily); font-style: var(--fontStyle, inherit); letter-spacing: var(--letterSpacing); text-transform: var(--textTransform);\">HtecH Solu\u00e7\u00f5es e Engenharia:<\/strong><span style=\"font-size: inherit; text-align: inherit; background-color: var(--background-color); color: var(--color); font-family: var(--fontFamily); font-style: var(--fontStyle, inherit); font-weight: var(--fontWeight); letter-spacing: var(--letterSpacing); text-transform: var(--textTransform);\"> Segmento focado na solu\u00e7\u00e3o de problemas e realiza\u00e7\u00e3o de sonhos a partir da divis\u00e3o de Consultoria, Manuten\u00e7\u00e3o e Engenharia El\u00e9trica;<\/span><\/p><p><strong>HtecH Treinamentos:<\/strong> Visa a multiplica\u00e7\u00e3o do conhecimento atrav\u00e9s de treinamentos, capacita\u00e7\u00f5es e reciclagens voltadas para o setor el\u00e9trico;<\/p><p><b>HtecH Materiais El\u00e9tricos:<\/b> Loja especializada em materiais, ferramentas, equipamentos el\u00e9tricos e automa\u00e7\u00e3o residencial.<\/p><p>Al\u00e9m das suas ideias disruptivas baseadas em projetos de expans\u00e3o que se encontram em andamento, usamos a internet atrav\u00e9s de sites, m\u00eddias sociais e todos os recursos tecnol\u00f3gicos necess\u00e1rios para possibilitar que todo territ\u00f3rio nacional conhe\u00e7a e utilize seus produtos e servi\u00e7os, fidelizando cada vez mais os clientes, parceiros e fornecedores, trazendo satisfa\u00e7\u00e3o, orgulho e solidez ao <b>Grupo HtecH<\/b>.<\/p><\/div>\t\t\t\t\t\t<\/div>\n\t\t\t\t<\/div>\n\t\t\t\t\t<\/div>\n\t\t<\/div>\n\t\t\t\t\t\t\t<\/div>\n\t\t<\/section>\n\t\t\t\t<section class=\"elementor-section elementor-top-section elementor-element elementor-element-ad67afe elementor-section-boxed elementor-section-height-default elementor-section-height-default exad-glass-effect-no exad-sticky-section-no\" data-id=\"ad67afe\" data-element_type=\"section\">\n\t\t\t\t\t\t<div class=\"elementor-container elementor-column-gap-default\">\n\t\t\t\t\t<div class=\"elementor-column elementor-col-100 elementor-top-column elementor-element elementor-element-718235f exad-glass-effect-no exad-sticky-section-no\" data-id=\"718235f\" data-element_type=\"column\">\n\t\t\t<div class=\"elementor-widget-wrap elementor-element-populated\">\n\t\t\t\t\t\t\t\t<div class=\"elementor-element elementor-element-edc0d86 exad-sticky-section-no exad-glass-effect-no elementor-widget elementor-widget-spacer\" data-id=\"edc0d86\" data-element_type=\"widget\" data-widget_type=\"spacer.default\">\n\t\t\t\t<div class=\"elementor-widget-container\">\n\t\t\t\t\t<div class=\"elementor-spacer\">\n\t\t\t<div class=\"elementor-spacer-inner\"><\/div>\n\t\t<\/div>\n\t\t\t\t<\/div>\n\t\t\t\t<\/div>\n\t\t\t\t\t<\/div>\n\t\t<\/div>\n\t\t\t\t\t\t\t<\/div>\n\t\t<\/section>\n\t\t\t\t\t\t<\/div>\n\t\t\t\t\t<\/div>\n\t\t","protected":false},"excerpt":{"rendered":"<p>Produtos e Servi\u00e7os Segmento focado em consultorias, solu\u00e7\u00f5es de problemas e realiza\u00e7\u00e3o de sonhos a partir da divis\u00e3o de Manuten\u00e7\u00e3o e Engenharia El\u00e9trica. Que visa a multiplica\u00e7\u00e3o do conhecimento atrav\u00e9s de treinamentos, capacita\u00e7\u00f5es e reciclagens voltadas para o setor el\u00e9trico. Uma loja especializada em materiais, ferramentas e equipamentos el\u00e9tricos. HtecH Solu\u00e7\u00f5es e Engenharia: Segmento focado na solu\u00e7\u00e3o de problemas e realiza\u00e7\u00e3o de sonhos a partir da divis\u00e3o de Consultoria, Manuten\u00e7\u00e3o e Engenharia El\u00e9trica; HtecH Treinamentos: Visa a multiplica\u00e7\u00e3o do conhecimento atrav\u00e9s de treinamentos, capacita\u00e7\u00f5es e reciclagens voltadas para o setor el\u00e9trico; HtecH Materiais El\u00e9tricos: Loja especializada em materiais, ferramentas, equipamentos\u2026<\/p>\n","protected":false},"author":1,"featured_media":0,"parent":0,"menu_order":0,"comment_status":"closed","ping_status":"closed","template":"","meta":{"_monsterinsights_skip_tracking":false,"_monsterinsights_sitenote_active":false,"_monsterinsights_sitenote_note":"","_monsterinsights_sitenote_category":0},"blocksy_meta":{"page_title_panel":"","has_hero_section":"disabled","0df2dca53447789c9966a9ee2482ae8e":"","hero_section":"type-1","hero_elements":[{"id":"custom_title","enabled":true,"heading_tag":"h1","title":"Home"},{"id":"custom_description","enabled":true,"description_visibility":{"desktop":true,"tablet":true,"mobile":false}},{"id":"custom_meta","enabled":false,"meta_elements":[{"id":"author","enabled":true,"label":"By","has_author_avatar":"yes","avatar_size":25},{"id":"post_date","enabled":true,"label":"On","date_format_source":"default","date_format":"M j, Y"},{"id":"comments","enabled":true}],"page_meta_elements":{"joined":true,"articles_count":true,"comments":true}},{"id":"breadcrumbs","enabled":false}],"9a068402903147dab0312ed721d813d1":"","hero_alignment1":"left","hero_alignment2":"center","hero_vertical_alignment":"center","878df3921d36f5f7834a2f50f2d62119":"","hero_structure":"narrow","c672b96ecc952ad64c8c2d7fdf1a61dc":"","page_title_bg_type":"featured_image","custom_hero_background":{"attachment_id":null},"parallax":{"desktop":false,"tablet":false,"mobile":false},"cc7bcd5456d7cac909e888486d83b616":"","hero_height":"250px","pageTitleFont":{"family":"Default","variation":"Default","size":{"desktop":"32px","tablet":"30px","mobile":"25px"},"line-height":"CT_CSS_SKIP_RULE","letter-spacing":"CT_CSS_SKIP_RULE","text-transform":"CT_CSS_SKIP_RULE","text-decoration":"CT_CSS_SKIP_RULE"},"pageTitleFontColor":{"default":{"color":"CT_CSS_SKIP_RULEDEFAULT"}},"pageMetaFont":{"family":"Default","variation":"n6","size":"12px","line-height":"1.3","letter-spacing":"CT_CSS_SKIP_RULE","text-transform":"uppercase","text-decoration":"CT_CSS_SKIP_RULE"},"pageMetaFontColor":{"default":{"color":"CT_CSS_SKIP_RULEDEFAULT"},"hover":{"color":"CT_CSS_SKIP_RULEDEFAULT"}},"pageExcerptFont":{"family":"Default","variation":"Default","size":"CT_CSS_SKIP_RULE","line-height":"CT_CSS_SKIP_RULE","letter-spacing":"CT_CSS_SKIP_RULE","text-transform":"CT_CSS_SKIP_RULE","text-decoration":"CT_CSS_SKIP_RULE"},"pageExcerptColor":{"default":{"color":"CT_CSS_SKIP_RULEDEFAULT"}},"breadcrumbsFont":{"family":"Default","variation":"n6","size":"12px","line-height":"CT_CSS_SKIP_RULE","letter-spacing":"CT_CSS_SKIP_RULE","text-transform":"uppercase","text-decoration":"CT_CSS_SKIP_RULE"},"breadcrumbsFontColor":{"default":{"color":"CT_CSS_SKIP_RULEDEFAULT"},"initial":{"color":"CT_CSS_SKIP_RULEDEFAULT"},"hover":{"color":"CT_CSS_SKIP_RULEDEFAULT"}},"pageTitleOverlay":{"default":{"color":"rgba(41, 51, 60, 0.2)"}},"pageTitleBackground":{"background_type":"color","background_pattern":"type-1","background_image":{"attachment_id":null,"x":0,"y":0},"background_repeat":"no-repeat","background_size":"auto","background_attachment":"scroll","patternColor":{"default":{"color":"#e5e7ea"}},"backgroundColor":{"default":{"color":"#EDEFF2"}}},"5384544efa2613b7222fa667fe0c3bd5":"","page_structure_type":"default","content_style":"inherit","vertical_spacing_source":"custom","content_area_spacing":"none","background":{"background_type":"color","background_pattern":"type-1","background_image":{"attachment_id":null,"x":0,"y":0},"background_repeat":"no-repeat","background_size":"auto","background_attachment":"scroll","patternColor":{"default":{"color":"#e5e7ea"}},"backgroundColor":{"default":{"color":"CT_CSS_SKIP_RULE"}}},"content_background":{"background_type":"color","background_pattern":"type-1","background_image":{"attachment_id":null,"x":0,"y":0},"background_repeat":"no-repeat","background_size":"auto","background_attachment":"scroll","patternColor":{"default":{"color":"#e5e7ea"}},"backgroundColor":{"default":{"color":"#ffffff"}}},"content_boxed_spacing":{"desktop":"40px","tablet":"35px","mobile":"20px"},"content_boxed_radius":{"top":"3px","bottom":"3px","left":"3px","right":"3px","linked":true},"content_boxed_shadow":{"blur":18,"spread":-6,"v_offset":12,"h_offset":0,"inset":false,"enable":true,"color":{"color":"rgba(34, 56, 101, 0.04)"}},"7b360c47770bb2bc7820037d1b7ccdae":"","disable_featured_image":"no","disable_header":"no","disable_footer":"no"},"featured_image_urls":{"full":"","thumbnail":"","medium":"","medium_large":"","large":"","1536x1536":"","2048x2048":"","mailpoet_newsletter_max":""},"post_excerpt_stackable":"<p>Produtos e Servi\u00e7os Segmento focado em consultorias, solu\u00e7\u00f5es de problemas e realiza\u00e7\u00e3o de sonhos a partir da divis\u00e3o de Manuten\u00e7\u00e3o e Engenharia El\u00e9trica. Que visa a multiplica\u00e7\u00e3o do conhecimento atrav\u00e9s de treinamentos, capacita\u00e7\u00f5es e reciclagens voltadas para o setor el\u00e9trico. Uma loja especializada em materiais, ferramentas e equipamentos el\u00e9tricos. HtecH Solu\u00e7\u00f5es e Engenharia: Segmento focado na solu\u00e7\u00e3o de problemas e realiza\u00e7\u00e3o de sonhos a partir da divis\u00e3o de Consultoria, Manuten\u00e7\u00e3o e Engenharia El\u00e9trica;HtecH Treinamentos: Visa a multiplica\u00e7\u00e3o do conhecimento atrav\u00e9s de treinamentos, capacita\u00e7\u00f5es e reciclagens voltadas para o setor el\u00e9trico;HtecH Materiais El\u00e9tricos: Loja especializada em materiais, ferramentas, equipamentos el\u00e9tricos e&hellip;<\/p>\n","category_list":"","author_info":{"name":"grupohtech0","url":"https:\/\/grupohtech.com.br\/index.php\/author\/grupohtech0\/"},"comments_num":"0 coment\u00e1rio","_links":{"self":[{"href":"https:\/\/grupohtech.com.br\/index.php\/wp-json\/wp\/v2\/pages\/2236"}],"collection":[{"href":"https:\/\/grupohtech.com.br\/index.php\/wp-json\/wp\/v2\/pages"}],"about":[{"href":"https:\/\/grupohtech.com.br\/index.php\/wp-json\/wp\/v2\/types\/page"}],"author":[{"embeddable":true,"href":"https:\/\/grupohtech.com.br\/index.php\/wp-json\/wp\/v2\/users\/1"}],"replies":[{"embeddable":true,"href":"https:\/\/grupohtech.com.br\/index.php\/wp-json\/wp\/v2\/comments?post=2236"}],"version-history":[{"count":11,"href":"https:\/\/grupohtech.com.br\/index.php\/wp-json\/wp\/v2\/pages\/2236\/revisions"}],"predecessor-version":[{"id":2258,"href":"https:\/\/grupohtech.com.br\/index.php\/wp-json\/wp\/v2\/pages\/2236\/revisions\/2258"}],"wp:attachment":[{"href":"https:\/\/grupohtech.com.br\/index.php\/wp-json\/wp\/v2\/media?parent=2236"}],"curies":[{"name":"wp","href":"https:\/\/api.w.org\/{rel}","templated":true}]}}