{"id":1084,"date":"2021-03-21T16:14:35","date_gmt":"2021-03-21T19:14:35","guid":{"rendered":"http:\/\/grupohtech.com.br\/?page_id=1084"},"modified":"2021-03-29T15:04:41","modified_gmt":"2021-03-29T18:04:41","slug":"treinamentos","status":"publish","type":"page","link":"https:\/\/grupohtech.com.br\/index.php\/treinamentos\/","title":{"rendered":"Treinamentos"},"content":{"rendered":"\t\t<div data-elementor-type=\"wp-page\" data-elementor-id=\"1084\" class=\"elementor elementor-1084\" data-elementor-settings=\"[]\">\n\t\t\t\t\t\t\t<div class=\"elementor-section-wrap\">\n\t\t\t\t\t\t\t<section class=\"elementor-section elementor-top-section elementor-element elementor-element-166eefda ct-section-stretched ct-columns-alignment-fix elementor-section-boxed elementor-section-height-default elementor-section-height-default exad-glass-effect-no exad-sticky-section-no\" data-id=\"166eefda\" data-element_type=\"section\" data-settings=\"{&quot;background_background&quot;:&quot;classic&quot;}\">\n\t\t\t\t\t\t\t<div class=\"elementor-background-overlay\"><\/div>\n\t\t\t\t\t\t\t<div class=\"elementor-container elementor-column-gap-default\">\n\t\t\t\t\t<div class=\"elementor-column elementor-col-100 elementor-top-column elementor-element elementor-element-f8ef53e exad-glass-effect-no exad-sticky-section-no\" data-id=\"f8ef53e\" data-element_type=\"column\">\n\t\t\t<div class=\"elementor-widget-wrap\">\n\t\t\t\t\t\t\t\t\t<\/div>\n\t\t<\/div>\n\t\t\t\t\t\t\t<\/div>\n\t\t<\/section>\n\t\t\t\t<section class=\"elementor-section elementor-top-section elementor-element elementor-element-50159123 elementor-section-boxed elementor-section-height-default elementor-section-height-default exad-glass-effect-no exad-sticky-section-no\" data-id=\"50159123\" data-element_type=\"section\">\n\t\t\t\t\t\t<div class=\"elementor-container elementor-column-gap-no\">\n\t\t\t\t\t<div class=\"elementor-column elementor-col-100 elementor-top-column elementor-element elementor-element-1e78ea7d exad-glass-effect-no exad-sticky-section-no\" data-id=\"1e78ea7d\" data-element_type=\"column\">\n\t\t\t<div class=\"elementor-widget-wrap elementor-element-populated\">\n\t\t\t\t\t\t\t\t<div class=\"elementor-element elementor-element-59ca2d24 exad-sticky-section-no exad-glass-effect-no elementor-widget elementor-widget-spacer\" data-id=\"59ca2d24\" data-element_type=\"widget\" data-widget_type=\"spacer.default\">\n\t\t\t\t<div class=\"elementor-widget-container\">\n\t\t\t\t\t<div class=\"elementor-spacer\">\n\t\t\t<div class=\"elementor-spacer-inner\"><\/div>\n\t\t<\/div>\n\t\t\t\t<\/div>\n\t\t\t\t<\/div>\n\t\t\t\t\t<\/div>\n\t\t<\/div>\n\t\t\t\t\t\t\t<\/div>\n\t\t<\/section>\n\t\t\t\t<section class=\"elementor-section elementor-top-section elementor-element elementor-element-4f86aa3f elementor-section-boxed elementor-section-height-default elementor-section-height-default exad-glass-effect-no exad-sticky-section-no\" data-id=\"4f86aa3f\" data-element_type=\"section\">\n\t\t\t\t\t\t<div class=\"elementor-container elementor-column-gap-default\">\n\t\t\t\t\t<div class=\"elementor-column elementor-col-100 elementor-top-column elementor-element elementor-element-2af544d7 exad-glass-effect-no exad-sticky-section-no\" data-id=\"2af544d7\" data-element_type=\"column\">\n\t\t\t<div class=\"elementor-widget-wrap elementor-element-populated\">\n\t\t\t\t\t\t\t\t<div class=\"elementor-element elementor-element-7d258186 exad-sticky-section-no exad-glass-effect-no elementor-widget elementor-widget-heading\" data-id=\"7d258186\" data-element_type=\"widget\" data-widget_type=\"heading.default\">\n\t\t\t\t<div class=\"elementor-widget-container\">\n\t\t\t<h2 class=\"elementor-heading-title elementor-size-default\">Treinamentos<\/h2>\t\t<\/div>\n\t\t\t\t<\/div>\n\t\t\t\t\t<\/div>\n\t\t<\/div>\n\t\t\t\t\t\t\t<\/div>\n\t\t<\/section>\n\t\t\t\t<section class=\"elementor-section elementor-top-section elementor-element elementor-element-fcf89e6 elementor-section-boxed elementor-section-height-default elementor-section-height-default exad-glass-effect-no exad-sticky-section-no\" data-id=\"fcf89e6\" data-element_type=\"section\">\n\t\t\t\t\t\t<div class=\"elementor-container elementor-column-gap-default\">\n\t\t\t\t\t<div class=\"elementor-column elementor-col-50 elementor-top-column elementor-element elementor-element-ed2633b exad-glass-effect-no exad-sticky-section-no\" data-id=\"ed2633b\" data-element_type=\"column\">\n\t\t\t<div class=\"elementor-widget-wrap elementor-element-populated\">\n\t\t\t\t\t\t\t\t<div class=\"elementor-element elementor-element-9351343 exad-sticky-section-no exad-glass-effect-no elementor-widget elementor-widget-image\" data-id=\"9351343\" data-element_type=\"widget\" data-widget_type=\"image.default\">\n\t\t\t\t<div class=\"elementor-widget-container\">\n\t\t\t\t\t\t\t\t\t\t\t\t\t\t\t<img width=\"790\" height=\"1000\" src=\"https:\/\/grupohtech.com.br\/wp-content\/uploads\/2021\/03\/lateral-treinamentos.jpg\" class=\"attachment-large size-large\" alt=\"\" loading=\"lazy\" srcset=\"https:\/\/grupohtech.com.br\/wp-content\/uploads\/2021\/03\/lateral-treinamentos.jpg 790w, https:\/\/grupohtech.com.br\/wp-content\/uploads\/2021\/03\/lateral-treinamentos-237x300.jpg 237w, https:\/\/grupohtech.com.br\/wp-content\/uploads\/2021\/03\/lateral-treinamentos-768x972.jpg 768w\" sizes=\"(max-width: 790px) 100vw, 790px\" \/>\t\t\t\t\t\t\t\t\t\t\t\t\t\t\t<\/div>\n\t\t\t\t<\/div>\n\t\t\t\t<div class=\"elementor-element elementor-element-6449b07 exad-sticky-section-no exad-glass-effect-no elementor-widget elementor-widget-text-editor\" data-id=\"6449b07\" data-element_type=\"widget\" data-widget_type=\"text-editor.default\">\n\t\t\t\t<div class=\"elementor-widget-container\">\n\t\t\t\t\t\t\t\t<div style=\"font-size: 12PX; color: #ffffff; text-align: JUSTIFY; padding:12px; background-color: #E9640A;\">Devido a atual <strong>Pandemia do COVID-19<\/strong> e com o intuito de evitarmos aglomera\u00e7\u00f5es, preservando assim a sa\u00fade dos nossos alunos, estamos com as turmas presenciais suspensas temporariamente. Como forma de dar continuidade no fornecimento dos nossos cursos, estamos desenvolvendo uma metodologia inovadora de treinamentos on-line para que, voc\u00ea, futuro eletricista, possa dar seguimento na realiza\u00e7\u00e3o dos seus projetos profissionais.<\/div>\t\t\t\t\t\t<\/div>\n\t\t\t\t<\/div>\n\t\t\t\t\t<\/div>\n\t\t<\/div>\n\t\t\t\t<div class=\"elementor-column elementor-col-50 elementor-top-column elementor-element elementor-element-db932f9 exad-glass-effect-no exad-sticky-section-no\" data-id=\"db932f9\" data-element_type=\"column\">\n\t\t\t<div class=\"elementor-widget-wrap elementor-element-populated\">\n\t\t\t\t\t\t\t\t<div class=\"elementor-element elementor-element-7ab3316 exad-sticky-section-no exad-glass-effect-no elementor-widget elementor-widget-heading\" data-id=\"7ab3316\" data-element_type=\"widget\" data-widget_type=\"heading.default\">\n\t\t\t\t<div class=\"elementor-widget-container\">\n\t\t\t<h5 class=\"elementor-heading-title elementor-size-default\">Eletricidade b\u00e1sica<\/h5>\t\t<\/div>\n\t\t\t\t<\/div>\n\t\t\t\t<div class=\"elementor-element elementor-element-0012a06 exad-sticky-section-no exad-glass-effect-no elementor-widget elementor-widget-text-editor\" data-id=\"0012a06\" data-element_type=\"widget\" data-widget_type=\"text-editor.default\">\n\t\t\t\t<div class=\"elementor-widget-container\">\n\t\t\t\t\t\t\t\t<div style=\"text-align:justify;\">Para excel\u00eancia profissional na realiza\u00e7\u00e3o de trabalhos em eletricidade, necessitamos adquirir conhecimento em seus princ\u00edpios b\u00e1sicos e para isso oferecemos curso de Eletricidade B\u00e1sica com aulas te\u00f3ricas e pr\u00e1ticas com instrutores capacitados e com amplo conhecimento na \u00e1rea. <\/div>\t\t\t\t\t\t<\/div>\n\t\t\t\t<\/div>\n\t\t\t\t<div class=\"elementor-element elementor-element-199fa53 exad-sticky-section-no exad-glass-effect-no elementor-widget elementor-widget-spacer\" data-id=\"199fa53\" data-element_type=\"widget\" data-widget_type=\"spacer.default\">\n\t\t\t\t<div class=\"elementor-widget-container\">\n\t\t\t\t\t<div class=\"elementor-spacer\">\n\t\t\t<div class=\"elementor-spacer-inner\"><\/div>\n\t\t<\/div>\n\t\t\t\t<\/div>\n\t\t\t\t<\/div>\n\t\t\t\t<div class=\"elementor-element elementor-element-7aefe26 exad-sticky-section-no exad-glass-effect-no elementor-widget elementor-widget-heading\" data-id=\"7aefe26\" data-element_type=\"widget\" data-widget_type=\"heading.default\">\n\t\t\t\t<div class=\"elementor-widget-container\">\n\t\t\t<h5 class=\"elementor-heading-title elementor-size-default\">Instala\u00e7\u00f5es el\u00e9tricas prediais<\/h5>\t\t<\/div>\n\t\t\t\t<\/div>\n\t\t\t\t<div class=\"elementor-element elementor-element-452e401 exad-sticky-section-no exad-glass-effect-no elementor-widget elementor-widget-text-editor\" data-id=\"452e401\" data-element_type=\"widget\" data-widget_type=\"text-editor.default\">\n\t\t\t\t<div class=\"elementor-widget-container\">\n\t\t\t\t\t\t\t\t<div style=\"text-align:justify;\">O profissional que deseja atuar nesse ramo necessita antes de tudo de um bom conhecimento na \u00e1rea e a nossa equipe possui o melhor e mais completo curso de Instala\u00e7\u00f5es el\u00e9tricas prediais, com os melhores recursos dentro do que existe de mais moderno no mundo da tecnologia em equipamentos e acess\u00f3rios para instala\u00e7\u00f5es el\u00e9tricas. <\/div>\t\t\t\t\t\t<\/div>\n\t\t\t\t<\/div>\n\t\t\t\t<div class=\"elementor-element elementor-element-08d7147 exad-sticky-section-no exad-glass-effect-no elementor-widget elementor-widget-spacer\" data-id=\"08d7147\" data-element_type=\"widget\" data-widget_type=\"spacer.default\">\n\t\t\t\t<div class=\"elementor-widget-container\">\n\t\t\t\t\t<div class=\"elementor-spacer\">\n\t\t\t<div class=\"elementor-spacer-inner\"><\/div>\n\t\t<\/div>\n\t\t\t\t<\/div>\n\t\t\t\t<\/div>\n\t\t\t\t<div class=\"elementor-element elementor-element-8d2ca76 exad-sticky-section-no exad-glass-effect-no elementor-widget elementor-widget-heading\" data-id=\"8d2ca76\" data-element_type=\"widget\" data-widget_type=\"heading.default\">\n\t\t\t\t<div class=\"elementor-widget-container\">\n\t\t\t<h5 class=\"elementor-heading-title elementor-size-default\">NR-10<\/h5>\t\t<\/div>\n\t\t\t\t<\/div>\n\t\t\t\t<div class=\"elementor-element elementor-element-435d3d1 exad-sticky-section-no exad-glass-effect-no elementor-widget elementor-widget-text-editor\" data-id=\"435d3d1\" data-element_type=\"widget\" data-widget_type=\"text-editor.default\">\n\t\t\t\t<div class=\"elementor-widget-container\">\n\t\t\t\t\t\t\t\t<div style=\"text-align:justify;\">Para os profissionais que busca atuar de forma direta ou indireta no sistema el\u00e9trico e \u00e1reas afins, oferecemos curso de NR-10 e reciclagem de acordo com o Minist\u00e9rio do Trabalho e Emprego. Tal norma tem como objetivo a implanta\u00e7\u00e3o de sistemas e medidas preventivas de controle, no intuito de proteger a sa\u00fade e seguran\u00e7a dos colaboradores.\u00a0 \u00a0Buscando sempre a excel\u00eancia em tudo que se prop\u00f5e a fazer, o\u00a0<strong>Grupo HtecH<\/strong>\u00a0(ou\u00a0<strong>HetcH Treinamentos<\/strong>) realiza avalia\u00e7\u00f5es de desempenho dos treinamentos ministrados tanto para os alunos quanto para os instrutores, dando o devido\u00a0<em>feedback<\/em>\u00a0para cada um deles. <\/div>\t\t\t\t\t\t<\/div>\n\t\t\t\t<\/div>\n\t\t\t\t\t<\/div>\n\t\t<\/div>\n\t\t\t\t\t\t\t<\/div>\n\t\t<\/section>\n\t\t\t\t<section class=\"elementor-section elementor-top-section elementor-element elementor-element-9efaf3e elementor-section-boxed elementor-section-height-default elementor-section-height-default exad-glass-effect-no exad-sticky-section-no\" data-id=\"9efaf3e\" data-element_type=\"section\">\n\t\t\t\t\t\t<div class=\"elementor-container elementor-column-gap-default\">\n\t\t\t\t\t<div class=\"elementor-column elementor-col-100 elementor-top-column elementor-element elementor-element-bda8e00 exad-glass-effect-no exad-sticky-section-no\" data-id=\"bda8e00\" data-element_type=\"column\">\n\t\t\t<div class=\"elementor-widget-wrap elementor-element-populated\">\n\t\t\t\t\t\t\t\t<div class=\"elementor-element elementor-element-eb74f3a exad-sticky-section-no exad-glass-effect-no elementor-widget elementor-widget-spacer\" data-id=\"eb74f3a\" data-element_type=\"widget\" data-widget_type=\"spacer.default\">\n\t\t\t\t<div class=\"elementor-widget-container\">\n\t\t\t\t\t<div class=\"elementor-spacer\">\n\t\t\t<div class=\"elementor-spacer-inner\"><\/div>\n\t\t<\/div>\n\t\t\t\t<\/div>\n\t\t\t\t<\/div>\n\t\t\t\t\t<\/div>\n\t\t<\/div>\n\t\t\t\t\t\t\t<\/div>\n\t\t<\/section>\n\t\t\t\t\t\t<\/div>\n\t\t\t\t\t<\/div>\n\t\t","protected":false},"excerpt":{"rendered":"<p>Treinamentos Devido a atual Pandemia do COVID-19 e com o intuito de evitarmos aglomera\u00e7\u00f5es, preservando assim a sa\u00fade dos nossos alunos, estamos com as turmas presenciais suspensas temporariamente. Como forma de dar continuidade no fornecimento dos nossos cursos, estamos desenvolvendo uma metodologia inovadora de treinamentos on-line para que, voc\u00ea, futuro eletricista, possa dar seguimento na realiza\u00e7\u00e3o dos seus projetos profissionais. Eletricidade b\u00e1sica Para excel\u00eancia profissional na realiza\u00e7\u00e3o de trabalhos em eletricidade, necessitamos adquirir conhecimento em seus princ\u00edpios b\u00e1sicos e para isso oferecemos curso de Eletricidade B\u00e1sica com aulas te\u00f3ricas e pr\u00e1ticas com instrutores capacitados e com amplo conhecimento na \u00e1rea.\u2026<\/p>\n","protected":false},"author":1,"featured_media":0,"parent":0,"menu_order":0,"comment_status":"closed","ping_status":"closed","template":"","meta":{"_monsterinsights_skip_tracking":false,"_monsterinsights_sitenote_active":false,"_monsterinsights_sitenote_note":"","_monsterinsights_sitenote_category":0},"blocksy_meta":{"page_title_panel":"","has_hero_section":"disabled","bc159c5af2a03de5c75561ba297140d8":"","hero_section":"type-1","hero_elements":[{"id":"custom_title","enabled":true,"heading_tag":"h1","title":"Home"},{"id":"custom_description","enabled":true,"description_visibility":{"desktop":true,"tablet":true,"mobile":false}},{"id":"custom_meta","enabled":false,"meta_elements":[{"id":"author","enabled":true,"label":"By","has_author_avatar":"yes","avatar_size":25},{"id":"post_date","enabled":true,"label":"On","date_format_source":"default","date_format":"M j, Y"},{"id":"comments","enabled":true}],"page_meta_elements":{"joined":true,"articles_count":true,"comments":true}},{"id":"breadcrumbs","enabled":false}],"df3eb590217e0ce26e832da2c07e7ca6":"","hero_alignment1":"left","hero_alignment2":"center","hero_vertical_alignment":"center","19d24a625abe62e6d16b259439e9cba0":"","hero_structure":"narrow","a3dd00aea12a8c52bdc0775015a386ce":"","page_title_bg_type":"featured_image","custom_hero_background":{"attachment_id":null},"parallax":{"desktop":false,"tablet":false,"mobile":false},"007fc1b0d7d7ea0d9823538a36652bf9":"","hero_height":"250px","pageTitleFont":{"family":"Default","variation":"Default","size":{"desktop":"32px","tablet":"30px","mobile":"25px"},"line-height":"CT_CSS_SKIP_RULE","letter-spacing":"CT_CSS_SKIP_RULE","text-transform":"CT_CSS_SKIP_RULE","text-decoration":"CT_CSS_SKIP_RULE"},"pageTitleFontColor":{"default":{"color":"CT_CSS_SKIP_RULEDEFAULT"}},"pageMetaFont":{"family":"Default","variation":"n6","size":"12px","line-height":"1.3","letter-spacing":"CT_CSS_SKIP_RULE","text-transform":"uppercase","text-decoration":"CT_CSS_SKIP_RULE"},"pageMetaFontColor":{"default":{"color":"CT_CSS_SKIP_RULEDEFAULT"},"hover":{"color":"CT_CSS_SKIP_RULEDEFAULT"}},"pageExcerptFont":{"family":"Default","variation":"Default","size":"CT_CSS_SKIP_RULE","line-height":"CT_CSS_SKIP_RULE","letter-spacing":"CT_CSS_SKIP_RULE","text-transform":"CT_CSS_SKIP_RULE","text-decoration":"CT_CSS_SKIP_RULE"},"pageExcerptColor":{"default":{"color":"CT_CSS_SKIP_RULEDEFAULT"}},"breadcrumbsFont":{"family":"Default","variation":"n6","size":"12px","line-height":"CT_CSS_SKIP_RULE","letter-spacing":"CT_CSS_SKIP_RULE","text-transform":"uppercase","text-decoration":"CT_CSS_SKIP_RULE"},"breadcrumbsFontColor":{"default":{"color":"CT_CSS_SKIP_RULEDEFAULT"},"initial":{"color":"CT_CSS_SKIP_RULEDEFAULT"},"hover":{"color":"CT_CSS_SKIP_RULEDEFAULT"}},"pageTitleOverlay":{"default":{"color":"rgba(41, 51, 60, 0.2)"}},"pageTitleBackground":{"background_type":"color","background_pattern":"type-1","background_image":{"attachment_id":null,"x":0,"y":0},"background_repeat":"no-repeat","background_size":"auto","background_attachment":"scroll","patternColor":{"default":{"color":"#e5e7ea"}},"backgroundColor":{"default":{"color":"#EDEFF2"}}},"806cf646dc975203c3ef573b498d2a6c":"","page_structure_type":"default","content_style":"inherit","vertical_spacing_source":"custom","content_area_spacing":"none","background":{"background_type":"color","background_pattern":"type-1","background_image":{"attachment_id":null,"x":0,"y":0},"background_repeat":"no-repeat","background_size":"auto","background_attachment":"scroll","patternColor":{"default":{"color":"#e5e7ea"}},"backgroundColor":{"default":{"color":"CT_CSS_SKIP_RULE"}}},"content_background":{"background_type":"color","background_pattern":"type-1","background_image":{"attachment_id":null,"x":0,"y":0},"background_repeat":"no-repeat","background_size":"auto","background_attachment":"scroll","patternColor":{"default":{"color":"#e5e7ea"}},"backgroundColor":{"default":{"color":"#ffffff"}}},"content_boxed_spacing":{"desktop":"40px","tablet":"35px","mobile":"20px"},"content_boxed_radius":{"top":"3px","bottom":"3px","left":"3px","right":"3px","linked":true},"content_boxed_shadow":{"blur":18,"spread":-6,"v_offset":12,"h_offset":0,"inset":false,"enable":true,"color":{"color":"rgba(34, 56, 101, 0.04)"}},"19c6ff9349ac0932d7247f0e755658ea":"","disable_featured_image":"no","disable_header":"no","disable_footer":"no"},"featured_image_urls":{"full":"","thumbnail":"","medium":"","medium_large":"","large":"","1536x1536":"","2048x2048":"","mailpoet_newsletter_max":""},"post_excerpt_stackable":"<p>Treinamentos Devido a atual Pandemia do COVID-19 e com o intuito de evitarmos aglomera\u00e7\u00f5es, preservando assim a sa\u00fade dos nossos alunos, estamos com as turmas presenciais suspensas temporariamente. Como forma de dar continuidade no fornecimento dos nossos cursos, estamos desenvolvendo uma metodologia inovadora de treinamentos on-line para que, voc\u00ea, futuro eletricista, possa dar seguimento na realiza\u00e7\u00e3o dos seus projetos profissionais. Eletricidade b\u00e1sica Para excel\u00eancia profissional na realiza\u00e7\u00e3o de trabalhos em eletricidade, necessitamos adquirir conhecimento em seus princ\u00edpios b\u00e1sicos e para isso oferecemos curso de Eletricidade B\u00e1sica com aulas te\u00f3ricas e pr\u00e1ticas com instrutores capacitados e com amplo conhecimento na \u00e1rea.&hellip;<\/p>\n","category_list":"","author_info":{"name":"grupohtech0","url":"https:\/\/grupohtech.com.br\/index.php\/author\/grupohtech0\/"},"comments_num":"0 coment\u00e1rio","_links":{"self":[{"href":"https:\/\/grupohtech.com.br\/index.php\/wp-json\/wp\/v2\/pages\/1084"}],"collection":[{"href":"https:\/\/grupohtech.com.br\/index.php\/wp-json\/wp\/v2\/pages"}],"about":[{"href":"https:\/\/grupohtech.com.br\/index.php\/wp-json\/wp\/v2\/types\/page"}],"author":[{"embeddable":true,"href":"https:\/\/grupohtech.com.br\/index.php\/wp-json\/wp\/v2\/users\/1"}],"replies":[{"embeddable":true,"href":"https:\/\/grupohtech.com.br\/index.php\/wp-json\/wp\/v2\/comments?post=1084"}],"version-history":[{"count":97,"href":"https:\/\/grupohtech.com.br\/index.php\/wp-json\/wp\/v2\/pages\/1084\/revisions"}],"predecessor-version":[{"id":1985,"href":"https:\/\/grupohtech.com.br\/index.php\/wp-json\/wp\/v2\/pages\/1084\/revisions\/1985"}],"wp:attachment":[{"href":"https:\/\/grupohtech.com.br\/index.php\/wp-json\/wp\/v2\/media?parent=1084"}],"curies":[{"name":"wp","href":"https:\/\/api.w.org\/{rel}","templated":true}]}}